{"id":1969,"date":"2025-03-03T16:19:23","date_gmt":"2025-03-03T15:19:23","guid":{"rendered":"http:\/\/hotelampollasol.es\/gastronomia\/"},"modified":"2025-06-18T10:38:34","modified_gmt":"2025-06-18T09:38:34","slug":"gastronomia","status":"publish","type":"page","link":"https:\/\/hotelampollasol.es\/ca\/gastronomia\/","title":{"rendered":"Gastronomia"},"content":{"rendered":"\t\t<div data-elementor-type=\"wp-page\" data-elementor-id=\"1969\" class=\"elementor elementor-1969 elementor-589\">\n\t\t\t\t<div class=\"elementor-element elementor-element-22c4874 e-flex e-con-boxed e-con e-parent\" data-id=\"22c4874\" data-element_type=\"container\" data-settings=\"{&quot;background_background&quot;:&quot;classic&quot;}\">\n\t\t\t\t\t<div class=\"e-con-inner\">\n\t\t<div class=\"elementor-element elementor-element-1361941 e-con-full e-flex e-con e-child\" data-id=\"1361941\" data-element_type=\"container\">\n\t\t\t\t<div class=\"elementor-element elementor-element-323a820 animated-slow elementor-invisible elementor-widget elementor-widget-heading\" data-id=\"323a820\" data-element_type=\"widget\" data-settings=\"{&quot;_animation&quot;:&quot;fadeIn&quot;,&quot;_animation_delay&quot;:100}\" data-widget_type=\"heading.default\">\n\t\t\t\t<div class=\"elementor-widget-container\">\n\t\t\t\t\t<h1 class=\"elementor-heading-title elementor-size-default\">Gastronomia<\/h1>\t\t\t\t<\/div>\n\t\t\t\t<\/div>\n\t\t\t\t<\/div>\n\t\t\t\t\t<\/div>\n\t\t\t\t<\/div>\n\t\t<div class=\"elementor-element elementor-element-7fce074 e-flex e-con-boxed e-con e-parent\" data-id=\"7fce074\" data-element_type=\"container\">\n\t\t\t\t\t<div class=\"e-con-inner\">\n\t\t<div class=\"elementor-element elementor-element-a621083 e-con-full e-flex e-con e-child\" data-id=\"a621083\" data-element_type=\"container\">\n\t\t\t\t<div class=\"elementor-element elementor-element-c9a1422 animated-slow elementor-invisible elementor-widget elementor-widget-heading\" data-id=\"c9a1422\" data-element_type=\"widget\" data-settings=\"{&quot;_animation&quot;:&quot;slideInUp&quot;,&quot;_animation_delay&quot;:100}\" data-widget_type=\"heading.default\">\n\t\t\t\t<div class=\"elementor-widget-container\">\n\t\t\t\t\t<h2 class=\"elementor-heading-title elementor-size-default\">Descobreix l'ess\u00e8ncia del Delta a trav\u00e9s de la nostra cuina: marisc fresc, paelles memorables i tapes amb \u00e0nima. Deixa't portar per les aromes, el color i la calidesa d'una experi\u00e8ncia gastron\u00f2mica que comen\u00e7a amb el primer cop d'ull\u2026 i es recorda per sempre.<\/h2>\t\t\t\t<\/div>\n\t\t\t\t<\/div>\n\t\t\t\t<div class=\"elementor-element elementor-element-e8ce390 animated-slow elementor-invisible elementor-widget elementor-widget-image\" data-id=\"e8ce390\" data-element_type=\"widget\" data-settings=\"{&quot;_animation&quot;:&quot;fadeInUp&quot;,&quot;_animation_delay&quot;:100}\" data-widget_type=\"image.default\">\n\t\t\t\t<div class=\"elementor-widget-container\">\n\t\t\t\t\t\t\t\t\t\t\t\t\t\t\t<img decoding=\"async\" src=\"https:\/\/hotelampollasol.es\/wp-content\/uploads\/2025\/06\/Diseno-sin-titulo.zip-1.svg\" class=\"attachment-full size-full wp-image-2112\" alt=\"\" \/>\t\t\t\t\t\t\t\t\t\t\t\t\t\t\t<\/div>\n\t\t\t\t<\/div>\n\t\t\t\t<\/div>\n\t\t\t\t\t<\/div>\n\t\t\t\t<\/div>\n\t\t<div class=\"elementor-element elementor-element-921dd40 animated-slow e-flex e-con-boxed elementor-invisible e-con e-parent\" data-id=\"921dd40\" data-element_type=\"container\" data-settings=\"{&quot;animation&quot;:&quot;slideInUp&quot;,&quot;animation_delay&quot;:100}\">\n\t\t\t\t\t<div class=\"e-con-inner\">\n\t\t<div class=\"elementor-element elementor-element-f3c2147 e-con-full e-flex e-con e-child\" data-id=\"f3c2147\" data-element_type=\"container\">\n\t\t\t\t<div class=\"elementor-element elementor-element-916e70b elementor-widget elementor-widget-image\" data-id=\"916e70b\" data-element_type=\"widget\" data-widget_type=\"image.default\">\n\t\t\t\t<div class=\"elementor-widget-container\">\n\t\t\t\t\t\t\t\t\t\t\t\t\t\t\t<img fetchpriority=\"high\" decoding=\"async\" width=\"927\" height=\"1160\" src=\"https:\/\/hotelampollasol.es\/wp-content\/uploads\/2025\/05\/Captura-de-pantalla-2025-05-27-a-les-19.41.57.png\" class=\"attachment-full size-full wp-image-1883\" alt=\"\" srcset=\"https:\/\/hotelampollasol.es\/wp-content\/uploads\/2025\/05\/Captura-de-pantalla-2025-05-27-a-les-19.41.57.png 927w, https:\/\/hotelampollasol.es\/wp-content\/uploads\/2025\/05\/Captura-de-pantalla-2025-05-27-a-les-19.41.57-240x300.png 240w, https:\/\/hotelampollasol.es\/wp-content\/uploads\/2025\/05\/Captura-de-pantalla-2025-05-27-a-les-19.41.57-818x1024.png 818w, https:\/\/hotelampollasol.es\/wp-content\/uploads\/2025\/05\/Captura-de-pantalla-2025-05-27-a-les-19.41.57-768x961.png 768w\" sizes=\"(max-width: 927px) 100vw, 927px\" \/>\t\t\t\t\t\t\t\t\t\t\t\t\t\t\t<\/div>\n\t\t\t\t<\/div>\n\t\t<div class=\"elementor-element elementor-element-805d6dc e-con-full animated-slow e-flex elementor-invisible e-con e-child\" data-id=\"805d6dc\" data-element_type=\"container\" data-settings=\"{&quot;animation&quot;:&quot;fadeInRight&quot;,&quot;animation_delay&quot;:100}\">\n\t\t<div class=\"elementor-element elementor-element-0a6e8c3 e-con-full e-flex e-con e-child\" data-id=\"0a6e8c3\" data-element_type=\"container\">\n\t\t\t\t<div class=\"elementor-element elementor-element-f8516ee elementor-widget elementor-widget-heading\" data-id=\"f8516ee\" data-element_type=\"widget\" data-widget_type=\"heading.default\">\n\t\t\t\t<div class=\"elementor-widget-container\">\n\t\t\t\t\t<h6 class=\"elementor-heading-title elementor-size-default\">01\/04<\/h6>\t\t\t\t<\/div>\n\t\t\t\t<\/div>\n\t\t\t\t<div class=\"elementor-element elementor-element-6837593 elementor-widget elementor-widget-heading\" data-id=\"6837593\" data-element_type=\"widget\" data-widget_type=\"heading.default\">\n\t\t\t\t<div class=\"elementor-widget-container\">\n\t\t\t\t\t<h3 class=\"elementor-heading-title elementor-size-default\">Sabor Aut\u00e8ntic<\/h3>\t\t\t\t<\/div>\n\t\t\t\t<\/div>\n\t\t\t\t<\/div>\n\t\t<div class=\"elementor-element elementor-element-a6a2e26 e-con-full e-flex e-con e-child\" data-id=\"a6a2e26\" data-element_type=\"container\">\n\t\t\t\t<div class=\"elementor-element elementor-element-070dd19 elementor-widget elementor-widget-text-editor\" data-id=\"070dd19\" data-element_type=\"widget\" data-widget_type=\"text-editor.default\">\n\t\t\t\t<div class=\"elementor-widget-container\">\n\t\t\t\t\t\t\t\t\t<p><span class=\"s1\">Especialistes en paelles i tapes de marisc.<\/span><\/p>\t\t\t\t\t\t\t\t<\/div>\n\t\t\t\t<\/div>\n\t\t\t\t<div class=\"elementor-element elementor-element-2b41031 elementor-widget elementor-widget-text-editor\" data-id=\"2b41031\" data-element_type=\"widget\" data-widget_type=\"text-editor.default\">\n\t\t\t\t<div class=\"elementor-widget-container\">\n\t\t\t\t\t\t\t\t\t<p class=\"p1\">A l&#8217;Hotel Ampolla Sol, la gastronomia \u00e9s una part essencial de l&#8217;experi\u00e8ncia. La nostra cuina reflecteix l&#8217;\u00e0nima marinera de L&#8217;Ampolla, apostant pel producte fresc, de proximitat, i per receptes que honren la tradici\u00f3 mediterr\u00e0nia amb un toc creatiu.<\/p><p class=\"p1\">Els nostres plats combinen la riquesa de la mar amb ingredients locals seleccionats cada dia\u2026 cada mos \u00e9s un homenatge a la nostra terra.<\/p>\t\t\t\t\t\t\t\t<\/div>\n\t\t\t\t<\/div>\n\t\t\t\t<\/div>\n\t\t\t\t<\/div>\n\t\t\t\t<\/div>\n\t\t\t\t\t<\/div>\n\t\t\t\t<\/div>\n\t\t<div class=\"elementor-element elementor-element-1f6b93f animated-slow e-flex e-con-boxed elementor-invisible e-con e-parent\" data-id=\"1f6b93f\" data-element_type=\"container\" data-settings=\"{&quot;animation&quot;:&quot;fadeInUp&quot;,&quot;animation_delay&quot;:100}\">\n\t\t\t\t\t<div class=\"e-con-inner\">\n\t\t<div class=\"elementor-element elementor-element-27f4a6b e-con-full e-flex e-con e-child\" data-id=\"27f4a6b\" data-element_type=\"container\">\n\t\t\t\t<div class=\"elementor-element elementor-element-b1ece71 elementor-widget elementor-widget-image\" data-id=\"b1ece71\" data-element_type=\"widget\" data-widget_type=\"image.default\">\n\t\t\t\t<div class=\"elementor-widget-container\">\n\t\t\t\t\t\t\t\t\t\t\t\t\t\t\t<img decoding=\"async\" width=\"1154\" height=\"768\" src=\"https:\/\/hotelampollasol.es\/wp-content\/uploads\/2025\/05\/Captura-de-pantalla-2025-05-27-a-les-19.47.28.png\" class=\"attachment-full size-full wp-image-1904\" alt=\"\" srcset=\"https:\/\/hotelampollasol.es\/wp-content\/uploads\/2025\/05\/Captura-de-pantalla-2025-05-27-a-les-19.47.28.png 1154w, https:\/\/hotelampollasol.es\/wp-content\/uploads\/2025\/05\/Captura-de-pantalla-2025-05-27-a-les-19.47.28-300x200.png 300w, https:\/\/hotelampollasol.es\/wp-content\/uploads\/2025\/05\/Captura-de-pantalla-2025-05-27-a-les-19.47.28-1024x681.png 1024w, https:\/\/hotelampollasol.es\/wp-content\/uploads\/2025\/05\/Captura-de-pantalla-2025-05-27-a-les-19.47.28-768x511.png 768w\" sizes=\"(max-width: 1154px) 100vw, 1154px\" \/>\t\t\t\t\t\t\t\t\t\t\t\t\t\t\t<\/div>\n\t\t\t\t<\/div>\n\t\t<div class=\"elementor-element elementor-element-f72dc4c e-con-full animated-slow e-flex elementor-invisible e-con e-child\" data-id=\"f72dc4c\" data-element_type=\"container\" data-settings=\"{&quot;animation&quot;:&quot;fadeInLeft&quot;,&quot;animation_delay&quot;:100}\">\n\t\t<div class=\"elementor-element elementor-element-dba2db3 e-con-full e-flex e-con e-child\" data-id=\"dba2db3\" data-element_type=\"container\">\n\t\t\t\t<div class=\"elementor-element elementor-element-982b256 elementor-widget elementor-widget-heading\" data-id=\"982b256\" data-element_type=\"widget\" data-widget_type=\"heading.default\">\n\t\t\t\t<div class=\"elementor-widget-container\">\n\t\t\t\t\t<h6 class=\"elementor-heading-title elementor-size-default\">02\/04<\/h6>\t\t\t\t<\/div>\n\t\t\t\t<\/div>\n\t\t\t\t<div class=\"elementor-element elementor-element-4b33a01 elementor-widget__width-initial elementor-widget elementor-widget-heading\" data-id=\"4b33a01\" data-element_type=\"widget\" data-widget_type=\"heading.default\">\n\t\t\t\t<div class=\"elementor-widget-container\">\n\t\t\t\t\t<h3 class=\"elementor-heading-title elementor-size-default\">Alta cuina de proximitat<\/h3>\t\t\t\t<\/div>\n\t\t\t\t<\/div>\n\t\t\t\t<\/div>\n\t\t<div class=\"elementor-element elementor-element-d1c0320 e-con-full e-flex e-con e-child\" data-id=\"d1c0320\" data-element_type=\"container\">\n\t\t\t\t<div class=\"elementor-element elementor-element-9ccd2e0 elementor-widget elementor-widget-text-editor\" data-id=\"9ccd2e0\" data-element_type=\"widget\" data-widget_type=\"text-editor.default\">\n\t\t\t\t<div class=\"elementor-widget-container\">\n\t\t\t\t\t\t\t\t\t<p>Tapes amb personalitat, plats que enamoren.<\/p>\t\t\t\t\t\t\t\t<\/div>\n\t\t\t\t<\/div>\n\t\t\t\t<div class=\"elementor-element elementor-element-2ebb9ac elementor-widget elementor-widget-text-editor\" data-id=\"2ebb9ac\" data-element_type=\"widget\" data-widget_type=\"text-editor.default\">\n\t\t\t\t<div class=\"elementor-widget-container\">\n\t\t\t\t\t\t\t\t\t<p class=\"p1\">El nostre restaurant ofereix una carta pensada per a compartir, gaudir i repetir.<\/p><p class=\"p1\">\u2022 Tapes marineres i tradicionals elaborades al moment<\/p><p class=\"p1\">\u2022 Paelles cuinades a foc lent, amb l&#8217;arr\u00f2s al punt exacte<\/p><p class=\"p1\">\u2022 Postres casolanes que tanquen l&#8217;experi\u00e8ncia amb dol\u00e7or<\/p>\t\t\t\t\t\t\t\t<\/div>\n\t\t\t\t<\/div>\n\t\t\t\t<\/div>\n\t\t\t\t<\/div>\n\t\t\t\t<\/div>\n\t\t\t\t\t<\/div>\n\t\t\t\t<\/div>\n\t\t<div class=\"elementor-element elementor-element-9346afc e-flex e-con-boxed e-con e-parent\" data-id=\"9346afc\" data-element_type=\"container\">\n\t\t\t\t\t<div class=\"e-con-inner\">\n\t\t<div class=\"elementor-element elementor-element-6b708d2 e-con-full e-flex e-con e-child\" data-id=\"6b708d2\" data-element_type=\"container\">\n\t\t<div class=\"elementor-element elementor-element-8f2696e e-con-full animated-slow e-flex elementor-invisible e-con e-child\" data-id=\"8f2696e\" data-element_type=\"container\" data-settings=\"{&quot;animation&quot;:&quot;fadeInRight&quot;,&quot;animation_delay&quot;:100}\">\n\t\t<div class=\"elementor-element elementor-element-75f5398 e-con-full e-flex e-con e-child\" data-id=\"75f5398\" data-element_type=\"container\">\n\t\t\t\t<div class=\"elementor-element elementor-element-d04197d elementor-widget elementor-widget-heading\" data-id=\"d04197d\" data-element_type=\"widget\" data-widget_type=\"heading.default\">\n\t\t\t\t<div class=\"elementor-widget-container\">\n\t\t\t\t\t<h6 class=\"elementor-heading-title elementor-size-default\">03\/04<\/h6>\t\t\t\t<\/div>\n\t\t\t\t<\/div>\n\t\t\t\t<div class=\"elementor-element elementor-element-ddf31cf elementor-widget elementor-widget-heading\" data-id=\"ddf31cf\" data-element_type=\"widget\" data-widget_type=\"heading.default\">\n\t\t\t\t<div class=\"elementor-widget-container\">\n\t\t\t\t\t<h3 class=\"elementor-heading-title elementor-size-default\">Qualitat i Innovaci\u00f3<\/h3>\t\t\t\t<\/div>\n\t\t\t\t<\/div>\n\t\t\t\t<\/div>\n\t\t<div class=\"elementor-element elementor-element-7e55f2e e-con-full e-flex e-con e-child\" data-id=\"7e55f2e\" data-element_type=\"container\">\n\t\t\t\t<div class=\"elementor-element elementor-element-a215a80 elementor-widget elementor-widget-text-editor\" data-id=\"a215a80\" data-element_type=\"widget\" data-widget_type=\"text-editor.default\">\n\t\t\t\t<div class=\"elementor-widget-container\">\n\t\t\t\t\t\t\t\t\t<p class=\"p1\">A m\u00e9s de la nostra carta variant, <span class=\"s1\"><b>participem activament en les Jornades Gastron\u00f2miques del Delta<\/b><\/span>, un aparador on vam mostrar la nostra passi\u00f3 per innovar sense perdre l&#8217;ess\u00e8ncia.<\/p>\n<p class=\"p1\">Tamb\u00e9 elaborem <span class=\"s1\"><b>men\u00fas especials en dies assenyalats<\/b><\/span>, com Sant Joan o Pasqua, on creem experi\u00e8ncies \u00faniques pensades per a gaudir en parella, amb amics o en fam\u00edlia.<\/p>\t\t\t\t\t\t\t\t<\/div>\n\t\t\t\t<\/div>\n\t\t\t\t<\/div>\n\t\t\t\t<\/div>\n\t\t\t\t<\/div>\n\t\t\t\t\t<\/div>\n\t\t\t\t<\/div>\n\t\t<div class=\"elementor-element elementor-element-0734c0e e-flex e-con-boxed e-con e-parent\" data-id=\"0734c0e\" data-element_type=\"container\">\n\t\t\t\t\t<div class=\"e-con-inner\">\n\t\t<div class=\"elementor-element elementor-element-b4b78b7 e-con-full e-flex e-con e-child\" data-id=\"b4b78b7\" data-element_type=\"container\">\n\t\t\t\t<div class=\"elementor-element elementor-element-c51ca8e animated-slow elementor-invisible elementor-widget elementor-widget-image\" data-id=\"c51ca8e\" data-element_type=\"widget\" data-settings=\"{&quot;_animation&quot;:&quot;fadeInUp&quot;,&quot;_animation_delay&quot;:100}\" data-widget_type=\"image.default\">\n\t\t\t\t<div class=\"elementor-widget-container\">\n\t\t\t\t\t\t\t\t\t\t\t\t\t\t\t<img decoding=\"async\" width=\"1920\" height=\"1280\" src=\"https:\/\/hotelampollasol.es\/wp-content\/uploads\/2025\/05\/Dimensiones-personalizadas-960x640-px-3.jpeg\" class=\"attachment-full size-full wp-image-1910\" alt=\"\" srcset=\"https:\/\/hotelampollasol.es\/wp-content\/uploads\/2025\/05\/Dimensiones-personalizadas-960x640-px-3.jpeg 1920w, https:\/\/hotelampollasol.es\/wp-content\/uploads\/2025\/05\/Dimensiones-personalizadas-960x640-px-3-300x200.jpeg 300w, https:\/\/hotelampollasol.es\/wp-content\/uploads\/2025\/05\/Dimensiones-personalizadas-960x640-px-3-1024x683.jpeg 1024w, https:\/\/hotelampollasol.es\/wp-content\/uploads\/2025\/05\/Dimensiones-personalizadas-960x640-px-3-768x512.jpeg 768w, https:\/\/hotelampollasol.es\/wp-content\/uploads\/2025\/05\/Dimensiones-personalizadas-960x640-px-3-1536x1024.jpeg 1536w\" sizes=\"(max-width: 1920px) 100vw, 1920px\" \/>\t\t\t\t\t\t\t\t\t\t\t\t\t\t\t<\/div>\n\t\t\t\t<\/div>\n\t\t\t\t<div class=\"elementor-element elementor-element-b1487f8 animated-slow elementor-invisible elementor-widget elementor-widget-image\" data-id=\"b1487f8\" data-element_type=\"widget\" data-settings=\"{&quot;_animation&quot;:&quot;fadeInUp&quot;,&quot;_animation_delay&quot;:100}\" data-widget_type=\"image.default\">\n\t\t\t\t<div class=\"elementor-widget-container\">\n\t\t\t\t\t\t\t\t\t\t\t\t\t\t\t<img loading=\"lazy\" decoding=\"async\" width=\"1920\" height=\"1280\" src=\"https:\/\/hotelampollasol.es\/wp-content\/uploads\/2025\/05\/Dimensiones-personalizadas-960x640-px-2.jpeg\" class=\"attachment-full size-full wp-image-1907\" alt=\"\" srcset=\"https:\/\/hotelampollasol.es\/wp-content\/uploads\/2025\/05\/Dimensiones-personalizadas-960x640-px-2.jpeg 1920w, https:\/\/hotelampollasol.es\/wp-content\/uploads\/2025\/05\/Dimensiones-personalizadas-960x640-px-2-300x200.jpeg 300w, https:\/\/hotelampollasol.es\/wp-content\/uploads\/2025\/05\/Dimensiones-personalizadas-960x640-px-2-1024x683.jpeg 1024w, https:\/\/hotelampollasol.es\/wp-content\/uploads\/2025\/05\/Dimensiones-personalizadas-960x640-px-2-768x512.jpeg 768w, https:\/\/hotelampollasol.es\/wp-content\/uploads\/2025\/05\/Dimensiones-personalizadas-960x640-px-2-1536x1024.jpeg 1536w\" sizes=\"(max-width: 1920px) 100vw, 1920px\" \/>\t\t\t\t\t\t\t\t\t\t\t\t\t\t\t<\/div>\n\t\t\t\t<\/div>\n\t\t<div class=\"elementor-element elementor-element-523de64 e-con-full animated-slow e-flex elementor-invisible e-con e-child\" data-id=\"523de64\" data-element_type=\"container\" data-settings=\"{&quot;animation&quot;:&quot;fadeInLeft&quot;,&quot;animation_delay&quot;:100}\">\n\t\t<div class=\"elementor-element elementor-element-309023a e-con-full e-flex e-con e-child\" data-id=\"309023a\" data-element_type=\"container\">\n\t\t\t\t<div class=\"elementor-element elementor-element-499d1c5 elementor-widget elementor-widget-heading\" data-id=\"499d1c5\" data-element_type=\"widget\" data-widget_type=\"heading.default\">\n\t\t\t\t<div class=\"elementor-widget-container\">\n\t\t\t\t\t<h6 class=\"elementor-heading-title elementor-size-default\">04\/04<\/h6>\t\t\t\t<\/div>\n\t\t\t\t<\/div>\n\t\t\t\t<div class=\"elementor-element elementor-element-36da1a9 elementor-widget elementor-widget-heading\" data-id=\"36da1a9\" data-element_type=\"widget\" data-widget_type=\"heading.default\">\n\t\t\t\t<div class=\"elementor-widget-container\">\n\t\t\t\t\t<h3 class=\"elementor-heading-title elementor-size-default\">Terrasses amb encant<\/h3>\t\t\t\t<\/div>\n\t\t\t\t<\/div>\n\t\t\t\t<\/div>\n\t\t<div class=\"elementor-element elementor-element-175792d e-con-full e-flex e-con e-child\" data-id=\"175792d\" data-element_type=\"container\">\n\t\t\t\t<div class=\"elementor-element elementor-element-fe8f3bb elementor-widget elementor-widget-text-editor\" data-id=\"fe8f3bb\" data-element_type=\"widget\" data-widget_type=\"text-editor.default\">\n\t\t\t\t<div class=\"elementor-widget-container\">\n\t\t\t\t\t\t\t\t\t<p><b>Un lloc on el temps s&#8217;atura i el Mediterrani s&#8217;assaboreix.<\/b><\/p>\t\t\t\t\t\t\t\t<\/div>\n\t\t\t\t<\/div>\n\t\t\t\t<div class=\"elementor-element elementor-element-73479d3 elementor-widget elementor-widget-text-editor\" data-id=\"73479d3\" data-element_type=\"widget\" data-widget_type=\"text-editor.default\">\n\t\t\t\t<div class=\"elementor-widget-container\">\n\t\t\t\t\t\t\t\t\t<p class=\"p1\">Tant si vens a menjar com si simplement et ve de gust prendre alguna cosa, les nostres terrasses, una coberta i una altra a l&#8217;aire lliure, et conviden a relaxar-te enfront del port, amb una copa de vi local, una cervesa b\u00e9 freda o un refresc mentre cau la tarda.<\/p>\t\t\t\t\t\t\t\t<\/div>\n\t\t\t\t<\/div>\n\t\t\t\t<\/div>\n\t\t\t\t<\/div>\n\t\t\t\t<\/div>\n\t\t\t\t\t<\/div>\n\t\t\t\t<\/div>\n\t\t\t\t<\/div>\n\t\t","protected":false},"excerpt":{"rendered":"<p>Gastronomia Descobreix l&#8217;ess\u00e8ncia del Delta a trav\u00e9s de la nostra cuina: marisc fresc, paelles memorables i tapes amb \u00e0nima. Deixa&#8217;t [&hellip;]<\/p>\n","protected":false},"author":1,"featured_media":0,"parent":0,"menu_order":0,"comment_status":"closed","ping_status":"closed","template":"","meta":{"site-sidebar-layout":"no-sidebar","site-content-layout":"page-builder","ast-site-content-layout":"full-width-container","site-content-style":"unboxed","site-sidebar-style":"unboxed","ast-global-header-display":"","ast-banner-title-visibility":"","ast-main-header-display":"","ast-hfb-above-header-display":"","ast-hfb-below-header-display":"","ast-hfb-mobile-header-display":"","site-post-title":"disabled","ast-breadcrumbs-content":"disabled","ast-featured-img":"disabled","footer-sml-layout":"","ast-disable-related-posts":"","theme-transparent-header-meta":"enabled","adv-header-id-meta":"","stick-header-meta":"","header-above-stick-meta":"","header-main-stick-meta":"","header-below-stick-meta":"","astra-migrate-meta-layouts":"default","ast-page-background-enabled":"default","ast-page-background-meta":{"desktop":{"background-color":"","background-image":"","background-repeat":"repeat","background-position":"center center","background-size":"auto","background-attachment":"scroll","background-type":"","background-media":"","overlay-type":"","overlay-color":"","overlay-opacity":"","overlay-gradient":""},"tablet":{"background-color":"","background-image":"","background-repeat":"repeat","background-position":"center center","background-size":"auto","background-attachment":"scroll","background-type":"","background-media":"","overlay-type":"","overlay-color":"","overlay-opacity":"","overlay-gradient":""},"mobile":{"background-color":"","background-image":"","background-repeat":"repeat","background-position":"center center","background-size":"auto","background-attachment":"scroll","background-type":"","background-media":"","overlay-type":"","overlay-color":"","overlay-opacity":"","overlay-gradient":""}},"ast-content-background-meta":{"desktop":{"background-color":"var(--ast-global-color-5)","background-image":"","background-repeat":"repeat","background-position":"center center","background-size":"auto","background-attachment":"scroll","background-type":"","background-media":"","overlay-type":"","overlay-color":"","overlay-opacity":"","overlay-gradient":""},"tablet":{"background-color":"var(--ast-global-color-5)","background-image":"","background-repeat":"repeat","background-position":"center center","background-size":"auto","background-attachment":"scroll","background-type":"","background-media":"","overlay-type":"","overlay-color":"","overlay-opacity":"","overlay-gradient":""},"mobile":{"background-color":"var(--ast-global-color-5)","background-image":"","background-repeat":"repeat","background-position":"center center","background-size":"auto","background-attachment":"scroll","background-type":"","background-media":"","overlay-type":"","overlay-color":"","overlay-opacity":"","overlay-gradient":""}},"footnotes":""},"class_list":["post-1969","page","type-page","status-publish","hentry"],"_links":{"self":[{"href":"https:\/\/hotelampollasol.es\/ca\/wp-json\/wp\/v2\/pages\/1969","targetHints":{"allow":["GET"]}}],"collection":[{"href":"https:\/\/hotelampollasol.es\/ca\/wp-json\/wp\/v2\/pages"}],"about":[{"href":"https:\/\/hotelampollasol.es\/ca\/wp-json\/wp\/v2\/types\/page"}],"author":[{"embeddable":true,"href":"https:\/\/hotelampollasol.es\/ca\/wp-json\/wp\/v2\/users\/1"}],"replies":[{"embeddable":true,"href":"https:\/\/hotelampollasol.es\/ca\/wp-json\/wp\/v2\/comments?post=1969"}],"version-history":[{"count":9,"href":"https:\/\/hotelampollasol.es\/ca\/wp-json\/wp\/v2\/pages\/1969\/revisions"}],"predecessor-version":[{"id":2163,"href":"https:\/\/hotelampollasol.es\/ca\/wp-json\/wp\/v2\/pages\/1969\/revisions\/2163"}],"wp:attachment":[{"href":"https:\/\/hotelampollasol.es\/ca\/wp-json\/wp\/v2\/media?parent=1969"}],"curies":[{"name":"wp","href":"https:\/\/api.w.org\/{rel}","templated":true}]}}