{"id":1979,"date":"2025-03-03T16:19:23","date_gmt":"2025-03-03T15:19:23","guid":{"rendered":"http:\/\/hotelampollasol.es\/historia\/"},"modified":"2025-06-18T10:12:00","modified_gmt":"2025-06-18T09:12:00","slug":"historia","status":"publish","type":"page","link":"https:\/\/hotelampollasol.es\/ca\/historia\/","title":{"rendered":"Hist\u00f2ria"},"content":{"rendered":"\t\t<div data-elementor-type=\"wp-page\" data-elementor-id=\"1979\" class=\"elementor elementor-1979 elementor-476\">\n\t\t\t\t<div class=\"elementor-element elementor-element-5a0d604 e-flex e-con-boxed e-con e-parent\" data-id=\"5a0d604\" data-element_type=\"container\" data-settings=\"{&quot;background_background&quot;:&quot;classic&quot;}\">\n\t\t\t\t\t<div class=\"e-con-inner\">\n\t\t<div class=\"elementor-element elementor-element-1fc66d9 e-con-full animated-slow e-flex elementor-invisible e-con e-child\" data-id=\"1fc66d9\" data-element_type=\"container\" data-settings=\"{&quot;animation&quot;:&quot;fadeIn&quot;,&quot;animation_delay&quot;:100}\">\n\t\t\t\t<div class=\"elementor-element elementor-element-fbb3c77 elementor-widget elementor-widget-heading\" data-id=\"fbb3c77\" data-element_type=\"widget\" data-widget_type=\"heading.default\">\n\t\t\t\t<div class=\"elementor-widget-container\">\n\t\t\t\t\t<h1 class=\"elementor-heading-title elementor-size-default\">Hist\u00f2ria<\/h1>\t\t\t\t<\/div>\n\t\t\t\t<\/div>\n\t\t\t\t<\/div>\n\t\t\t\t\t<\/div>\n\t\t\t\t<\/div>\n\t\t<div class=\"elementor-element elementor-element-6165d52 e-flex e-con-boxed e-con e-parent\" data-id=\"6165d52\" data-element_type=\"container\">\n\t\t\t\t\t<div class=\"e-con-inner\">\n\t\t<div class=\"elementor-element elementor-element-588b2d7 e-con-full e-flex e-con e-child\" data-id=\"588b2d7\" data-element_type=\"container\">\n\t\t\t\t<div class=\"elementor-element elementor-element-ddca9ba animated-slow elementor-invisible elementor-widget elementor-widget-heading\" data-id=\"ddca9ba\" data-element_type=\"widget\" data-settings=\"{&quot;_animation&quot;:&quot;fadeIn&quot;,&quot;_animation_delay&quot;:100}\" data-widget_type=\"heading.default\">\n\t\t\t\t<div class=\"elementor-widget-container\">\n\t\t\t\t\t<h6 class=\"elementor-heading-title elementor-size-default\">La nostra hist\u00f2ria<\/h6>\t\t\t\t<\/div>\n\t\t\t\t<\/div>\n\t\t\t\t<div class=\"elementor-element elementor-element-c999cce animated-slow elementor-invisible elementor-widget elementor-widget-heading\" data-id=\"c999cce\" data-element_type=\"widget\" data-settings=\"{&quot;_animation&quot;:&quot;fadeIn&quot;,&quot;_animation_delay&quot;:100}\" data-widget_type=\"heading.default\">\n\t\t\t\t<div class=\"elementor-widget-container\">\n\t\t\t\t\t<h2 class=\"elementor-heading-title elementor-size-default\">Un hotel amb \u00e0nima marinera, <br>des de fa m\u00e9s de 50 anys<\/h2>\t\t\t\t<\/div>\n\t\t\t\t<\/div>\n\t\t\t\t<div class=\"elementor-element elementor-element-96ce4f0 animated-slow elementor-invisible elementor-widget elementor-widget-image\" data-id=\"96ce4f0\" data-element_type=\"widget\" data-settings=\"{&quot;_animation&quot;:&quot;fadeIn&quot;,&quot;_animation_delay&quot;:100}\" data-widget_type=\"image.default\">\n\t\t\t\t<div class=\"elementor-widget-container\">\n\t\t\t\t\t\t\t\t\t\t\t\t\t\t\t<img decoding=\"async\" src=\"https:\/\/hotelampollasol.es\/wp-content\/uploads\/2025\/06\/Diseno-sin-titulo.zip-1.svg\" class=\"attachment-full size-full wp-image-2112\" alt=\"\" \/>\t\t\t\t\t\t\t\t\t\t\t\t\t\t\t<\/div>\n\t\t\t\t<\/div>\n\t\t<div class=\"elementor-element elementor-element-63ba767 e-flex e-con-boxed e-con e-child\" data-id=\"63ba767\" data-element_type=\"container\">\n\t\t\t\t\t<div class=\"e-con-inner\">\n\t\t<div class=\"elementor-element elementor-element-9ce2f2d e-con-full e-flex e-con e-child\" data-id=\"9ce2f2d\" data-element_type=\"container\">\n\t\t\t\t<div class=\"elementor-element elementor-element-fee2060 animated-slow elementor-invisible elementor-widget elementor-widget-text-editor\" data-id=\"fee2060\" data-element_type=\"widget\" data-settings=\"{&quot;_animation&quot;:&quot;fadeInUp&quot;,&quot;_animation_delay&quot;:100}\" data-widget_type=\"text-editor.default\">\n\t\t\t\t<div class=\"elementor-widget-container\">\n\t\t\t\t\t\t\t\t\t<p class=\"p1\">L&#8217;Hotel Ampolla Sol va obrir les seves portes fa m\u00e9s de cinc d\u00e8cades en el cor de L&#8217;Ampolla, una localitat costanera que serveix d&#8217;entrada al Parc Natural del Delta de l&#8217;Ebre. Des dels seus inicis, aquest hotel familiar ha estat un refugi per a viatgers que busquen tranquil\u00b7litat, bona gastronomia i vistes privilegiades a la mar.<\/p>\t\t\t\t\t\t\t\t<\/div>\n\t\t\t\t<\/div>\n\t\t\t\t<\/div>\n\t\t\t\t\t<\/div>\n\t\t\t\t<\/div>\n\t\t<div class=\"elementor-element elementor-element-1249f2e e-con-full e-flex e-con e-child\" data-id=\"1249f2e\" data-element_type=\"container\">\n\t\t<div class=\"elementor-element elementor-element-db859a6 e-con-full e-flex e-con e-child\" data-id=\"db859a6\" data-element_type=\"container\">\n\t\t\t\t<div class=\"elementor-element elementor-element-6ce3874 animated-slow elementor-invisible elementor-widget elementor-widget-image\" data-id=\"6ce3874\" data-element_type=\"widget\" data-settings=\"{&quot;_animation&quot;:&quot;fadeInLeft&quot;,&quot;_animation_delay&quot;:100}\" data-widget_type=\"image.default\">\n\t\t\t\t<div class=\"elementor-widget-container\">\n\t\t\t\t\t\t\t\t\t\t\t\t\t\t\t<img fetchpriority=\"high\" decoding=\"async\" width=\"1571\" height=\"866\" src=\"https:\/\/hotelampollasol.es\/wp-content\/uploads\/2025\/05\/imatge5_5f41838dcb.jpg\" class=\"attachment-full size-full wp-image-1864\" alt=\"\" srcset=\"https:\/\/hotelampollasol.es\/wp-content\/uploads\/2025\/05\/imatge5_5f41838dcb.jpg 1571w, https:\/\/hotelampollasol.es\/wp-content\/uploads\/2025\/05\/imatge5_5f41838dcb-300x165.jpg 300w, https:\/\/hotelampollasol.es\/wp-content\/uploads\/2025\/05\/imatge5_5f41838dcb-1024x564.jpg 1024w, https:\/\/hotelampollasol.es\/wp-content\/uploads\/2025\/05\/imatge5_5f41838dcb-768x423.jpg 768w, https:\/\/hotelampollasol.es\/wp-content\/uploads\/2025\/05\/imatge5_5f41838dcb-1536x847.jpg 1536w\" sizes=\"(max-width: 1571px) 100vw, 1571px\" \/>\t\t\t\t\t\t\t\t\t\t\t\t\t\t\t<\/div>\n\t\t\t\t<\/div>\n\t\t\t\t<div class=\"elementor-element elementor-element-e29086a animated-slow elementor-invisible elementor-widget elementor-widget-image\" data-id=\"e29086a\" data-element_type=\"widget\" data-settings=\"{&quot;_animation&quot;:&quot;fadeInLeft&quot;,&quot;_animation_delay&quot;:100}\" data-widget_type=\"image.default\">\n\t\t\t\t<div class=\"elementor-widget-container\">\n\t\t\t\t\t\t\t\t\t\t\t\t\t\t\t<img decoding=\"async\" width=\"1024\" height=\"576\" src=\"https:\/\/hotelampollasol.es\/wp-content\/uploads\/2025\/05\/20678491479_5a23be0652_b.jpg\" class=\"attachment-full size-full wp-image-1867\" alt=\"\" srcset=\"https:\/\/hotelampollasol.es\/wp-content\/uploads\/2025\/05\/20678491479_5a23be0652_b.jpg 1024w, https:\/\/hotelampollasol.es\/wp-content\/uploads\/2025\/05\/20678491479_5a23be0652_b-300x169.jpg 300w, https:\/\/hotelampollasol.es\/wp-content\/uploads\/2025\/05\/20678491479_5a23be0652_b-768x432.jpg 768w\" sizes=\"(max-width: 1024px) 100vw, 1024px\" \/>\t\t\t\t\t\t\t\t\t\t\t\t\t\t\t<\/div>\n\t\t\t\t<\/div>\n\t\t\t\t<\/div>\n\t\t<div class=\"elementor-element elementor-element-1bee252 e-con-full e-flex e-con e-child\" data-id=\"1bee252\" data-element_type=\"container\">\n\t\t\t\t<div class=\"elementor-element elementor-element-e93bb62 animated-slow elementor-invisible elementor-widget elementor-widget-image\" data-id=\"e93bb62\" data-element_type=\"widget\" data-settings=\"{&quot;_animation&quot;:&quot;zoomIn&quot;,&quot;_animation_delay&quot;:100}\" data-widget_type=\"image.default\">\n\t\t\t\t<div class=\"elementor-widget-container\">\n\t\t\t\t\t\t\t\t\t\t\t\t\t\t\t<img decoding=\"async\" width=\"2250\" height=\"1500\" src=\"https:\/\/hotelampollasol.es\/wp-content\/uploads\/2025\/05\/Hotel_Sol-38.jpg\" class=\"attachment-full size-full wp-image-1837\" alt=\"\" srcset=\"https:\/\/hotelampollasol.es\/wp-content\/uploads\/2025\/05\/Hotel_Sol-38.jpg 2250w, https:\/\/hotelampollasol.es\/wp-content\/uploads\/2025\/05\/Hotel_Sol-38-300x200.jpg 300w, https:\/\/hotelampollasol.es\/wp-content\/uploads\/2025\/05\/Hotel_Sol-38-1024x683.jpg 1024w, https:\/\/hotelampollasol.es\/wp-content\/uploads\/2025\/05\/Hotel_Sol-38-768x512.jpg 768w, https:\/\/hotelampollasol.es\/wp-content\/uploads\/2025\/05\/Hotel_Sol-38-1536x1024.jpg 1536w, https:\/\/hotelampollasol.es\/wp-content\/uploads\/2025\/05\/Hotel_Sol-38-2048x1365.jpg 2048w\" sizes=\"(max-width: 2250px) 100vw, 2250px\" \/>\t\t\t\t\t\t\t\t\t\t\t\t\t\t\t<\/div>\n\t\t\t\t<\/div>\n\t\t\t\t<\/div>\n\t\t<div class=\"elementor-element elementor-element-b501408 e-con-full e-flex e-con e-child\" data-id=\"b501408\" data-element_type=\"container\">\n\t\t\t\t<div class=\"elementor-element elementor-element-1c01148 animated-slow elementor-invisible elementor-widget elementor-widget-image\" data-id=\"1c01148\" data-element_type=\"widget\" data-settings=\"{&quot;_animation&quot;:&quot;fadeInRight&quot;,&quot;_animation_delay&quot;:100}\" data-widget_type=\"image.default\">\n\t\t\t\t<div class=\"elementor-widget-container\">\n\t\t\t\t\t\t\t\t\t\t\t\t\t\t\t<img loading=\"lazy\" decoding=\"async\" width=\"400\" height=\"321\" src=\"https:\/\/hotelampollasol.es\/wp-content\/uploads\/2025\/05\/ampolla.jpg\" class=\"attachment-full size-full wp-image-1873\" alt=\"\" srcset=\"https:\/\/hotelampollasol.es\/wp-content\/uploads\/2025\/05\/ampolla.jpg 400w, https:\/\/hotelampollasol.es\/wp-content\/uploads\/2025\/05\/ampolla-300x241.jpg 300w\" sizes=\"(max-width: 400px) 100vw, 400px\" \/>\t\t\t\t\t\t\t\t\t\t\t\t\t\t\t<\/div>\n\t\t\t\t<\/div>\n\t\t\t\t<\/div>\n\t\t\t\t<\/div>\n\t\t<div class=\"elementor-element elementor-element-db5ce6e e-flex e-con-boxed e-con e-child\" data-id=\"db5ce6e\" data-element_type=\"container\">\n\t\t\t\t\t<div class=\"e-con-inner\">\n\t\t<div class=\"elementor-element elementor-element-f4c3186 e-con-full e-flex e-con e-child\" data-id=\"f4c3186\" data-element_type=\"container\">\n\t\t\t\t<div class=\"elementor-element elementor-element-c29db9d animated-slow elementor-invisible elementor-widget elementor-widget-text-editor\" data-id=\"c29db9d\" data-element_type=\"widget\" data-settings=\"{&quot;_animation&quot;:&quot;fadeInUp&quot;,&quot;_animation_delay&quot;:100}\" data-widget_type=\"text-editor.default\">\n\t\t\t\t<div class=\"elementor-widget-container\">\n\t\t\t\t\t\t\t\t\t<p class=\"p1\">Fundat per una fam\u00edlia local amb arrels en la pesca i l&#8217;hostaleria, l&#8217;hotel ha mantingut la seva ess\u00e8ncia al llarg dels anys. L&#8217;atenci\u00f3 personalitzada i el tracte pr\u00f2xim han estat sempre les seves senyes d&#8217;identitat, creant un ambient acollidor que convida als nostres hostes a sentir-se com a casa.<\/p>\t\t\t\t\t\t\t\t<\/div>\n\t\t\t\t<\/div>\n\t\t\t\t<\/div>\n\t\t\t\t\t<\/div>\n\t\t\t\t<\/div>\n\t\t<div class=\"elementor-element elementor-element-3abafc1 e-flex e-con-boxed e-con e-child\" data-id=\"3abafc1\" data-element_type=\"container\">\n\t\t\t\t\t<div class=\"e-con-inner\">\n\t\t<div class=\"elementor-element elementor-element-012c87f e-con-full e-flex e-con e-child\" data-id=\"012c87f\" data-element_type=\"container\">\n\t\t\t\t<div class=\"elementor-element elementor-element-0bedc66 animated-slow elementor-invisible elementor-widget elementor-widget-image\" data-id=\"0bedc66\" data-element_type=\"widget\" data-settings=\"{&quot;_animation&quot;:&quot;zoomIn&quot;,&quot;_animation_delay&quot;:100}\" data-widget_type=\"image.default\">\n\t\t\t\t<div class=\"elementor-widget-container\">\n\t\t\t\t\t\t\t\t\t\t\t\t\t\t\t<img loading=\"lazy\" decoding=\"async\" width=\"2100\" height=\"1500\" src=\"https:\/\/hotelampollasol.es\/wp-content\/uploads\/2025\/05\/Hotel_Sol-34.jpg\" class=\"attachment-full size-full wp-image-1825\" alt=\"\" srcset=\"https:\/\/hotelampollasol.es\/wp-content\/uploads\/2025\/05\/Hotel_Sol-34.jpg 2100w, https:\/\/hotelampollasol.es\/wp-content\/uploads\/2025\/05\/Hotel_Sol-34-300x214.jpg 300w, https:\/\/hotelampollasol.es\/wp-content\/uploads\/2025\/05\/Hotel_Sol-34-1024x731.jpg 1024w, https:\/\/hotelampollasol.es\/wp-content\/uploads\/2025\/05\/Hotel_Sol-34-768x549.jpg 768w, https:\/\/hotelampollasol.es\/wp-content\/uploads\/2025\/05\/Hotel_Sol-34-1536x1097.jpg 1536w, https:\/\/hotelampollasol.es\/wp-content\/uploads\/2025\/05\/Hotel_Sol-34-2048x1463.jpg 2048w\" sizes=\"(max-width: 2100px) 100vw, 2100px\" \/>\t\t\t\t\t\t\t\t\t\t\t\t\t\t\t<\/div>\n\t\t\t\t<\/div>\n\t\t\t\t<\/div>\n\t\t<div class=\"elementor-element elementor-element-35e8de7 e-con-full e-flex e-con e-child\" data-id=\"35e8de7\" data-element_type=\"container\">\n\t\t\t\t<div class=\"elementor-element elementor-element-1daae24 animated-slow elementor-invisible elementor-widget elementor-widget-text-editor\" data-id=\"1daae24\" data-element_type=\"widget\" data-settings=\"{&quot;_animation&quot;:&quot;fadeInRight&quot;,&quot;_animation_delay&quot;:100}\" data-widget_type=\"text-editor.default\">\n\t\t\t\t<div class=\"elementor-widget-container\">\n\t\t\t\t\t\t\t\t\t<p class=\"p1\">Al llarg dels anys, el nostre hotel ha experimentat diverses renovacions per a adaptar-se a les necessitats modernes, sempre sense perdre el seu car\u00e0cter original. Les habitacions, decorades amb senzillesa i eleg\u00e0ncia, ofereixen comoditat i vistes a la mar, mentre que el restaurant continua servint plats tradicionals amb productes frescos del Delta.<\/p>\t\t\t\t\t\t\t\t<\/div>\n\t\t\t\t<\/div>\n\t\t\t\t<div class=\"elementor-element elementor-element-01b3cc5 elementor-position-inline-start animated-slow elementor-view-default elementor-mobile-position-block-start elementor-invisible elementor-widget elementor-widget-icon-box\" data-id=\"01b3cc5\" data-element_type=\"widget\" data-settings=\"{&quot;_animation&quot;:&quot;zoomIn&quot;,&quot;_animation_delay&quot;:100}\" data-widget_type=\"icon-box.default\">\n\t\t\t\t<div class=\"elementor-widget-container\">\n\t\t\t\t\t\t\t<div class=\"elementor-icon-box-wrapper\">\n\n\t\t\t\t\t\t<div class=\"elementor-icon-box-icon\">\n\t\t\t\t<span  class=\"elementor-icon\">\n\t\t\t\t<svg aria-hidden=\"true\" class=\"e-font-icon-svg e-fas-quote-left\" viewBox=\"0 0 512 512\" xmlns=\"http:\/\/www.w3.org\/2000\/svg\"><path d=\"M464 256h-80v-64c0-35.3 28.7-64 64-64h8c13.3 0 24-10.7 24-24V56c0-13.3-10.7-24-24-24h-8c-88.4 0-160 71.6-160 160v240c0 26.5 21.5 48 48 48h128c26.5 0 48-21.5 48-48V304c0-26.5-21.5-48-48-48zm-288 0H96v-64c0-35.3 28.7-64 64-64h8c13.3 0 24-10.7 24-24V56c0-13.3-10.7-24-24-24h-8C71.6 32 0 103.6 0 192v240c0 26.5 21.5 48 48 48h128c26.5 0 48-21.5 48-48V304c0-26.5-21.5-48-48-48z\"><\/path><\/svg>\t\t\t\t<\/span>\n\t\t\t<\/div>\n\t\t\t\n\t\t\t\t\t\t<div class=\"elementor-icon-box-content\">\n\n\t\t\t\t\t\t\t\t\t<div class=\"elementor-icon-box-title\">\n\t\t\t\t\t\t<span  >\n\t\t\t\t\t\t\tEl nostre hotel \u00e9s molt m\u00e9s que un negoci: \u00e9s part de la nostra vida, dels nostres records i de tots els que ens han triat per a visitar l'Ampolla.\t\t\t\t\t\t<\/span>\n\t\t\t\t\t<\/div>\n\t\t\t\t\n\t\t\t\t\t\t\t\t\t<p class=\"elementor-icon-box-description\">\n\t\t\t\t\t\tTeima Caball\u00e9 - Propiet\u00e0ria de l'Hotel Ampolla Sol\t\t\t\t\t<\/p>\n\t\t\t\t\n\t\t\t<\/div>\n\t\t\t\n\t\t<\/div>\n\t\t\t\t\t\t<\/div>\n\t\t\t\t<\/div>\n\t\t\t\t<div class=\"elementor-element elementor-element-0a1a88b animated-slow elementor-invisible elementor-widget elementor-widget-text-editor\" data-id=\"0a1a88b\" data-element_type=\"widget\" data-settings=\"{&quot;_animation&quot;:&quot;fadeInRight&quot;,&quot;_animation_delay&quot;:100}\" data-widget_type=\"text-editor.default\">\n\t\t\t\t<div class=\"elementor-widget-container\">\n\t\t\t\t\t\t\t\t\t<p class=\"p1\">No sols oferim una ubicaci\u00f3 privilegiada, tamb\u00e9 estem compromesos amb l&#8217;entorn natural que l&#8217;envolta. La proximitat al Parc Natural del Delta de l&#8217;Ebre permet als hostes gaudir d&#8217;activitats a l&#8217;aire lliure i descobrir la riquesa ecol\u00f2gica de la zona.<\/p>\t\t\t\t\t\t\t\t<\/div>\n\t\t\t\t<\/div>\n\t\t\t\t<\/div>\n\t\t\t\t\t<\/div>\n\t\t\t\t<\/div>\n\t\t\t\t<\/div>\n\t\t\t\t\t<\/div>\n\t\t\t\t<\/div>\n\t\t\t\t<\/div>\n\t\t","protected":false},"excerpt":{"rendered":"<p>Hist\u00f2ria La nostra hist\u00f2ria Un hotel amb \u00e0nima marinera, des de fa m\u00e9s de 50 anys L&#8217;Hotel Ampolla Sol va [&hellip;]<\/p>\n","protected":false},"author":1,"featured_media":0,"parent":0,"menu_order":0,"comment_status":"closed","ping_status":"closed","template":"","meta":{"site-sidebar-layout":"no-sidebar","site-content-layout":"page-builder","ast-site-content-layout":"full-width-container","site-content-style":"unboxed","site-sidebar-style":"unboxed","ast-global-header-display":"","ast-banner-title-visibility":"","ast-main-header-display":"","ast-hfb-above-header-display":"","ast-hfb-below-header-display":"","ast-hfb-mobile-header-display":"","site-post-title":"disabled","ast-breadcrumbs-content":"disabled","ast-featured-img":"disabled","footer-sml-layout":"","ast-disable-related-posts":"","theme-transparent-header-meta":"enabled","adv-header-id-meta":"","stick-header-meta":"","header-above-stick-meta":"","header-main-stick-meta":"","header-below-stick-meta":"","astra-migrate-meta-layouts":"default","ast-page-background-enabled":"default","ast-page-background-meta":{"desktop":{"background-color":"","background-image":"","background-repeat":"repeat","background-position":"center center","background-size":"auto","background-attachment":"scroll","background-type":"","background-media":"","overlay-type":"","overlay-color":"","overlay-opacity":"","overlay-gradient":""},"tablet":{"background-color":"","background-image":"","background-repeat":"repeat","background-position":"center center","background-size":"auto","background-attachment":"scroll","background-type":"","background-media":"","overlay-type":"","overlay-color":"","overlay-opacity":"","overlay-gradient":""},"mobile":{"background-color":"","background-image":"","background-repeat":"repeat","background-position":"center center","background-size":"auto","background-attachment":"scroll","background-type":"","background-media":"","overlay-type":"","overlay-color":"","overlay-opacity":"","overlay-gradient":""}},"ast-content-background-meta":{"desktop":{"background-color":"var(--ast-global-color-5)","background-image":"","background-repeat":"repeat","background-position":"center center","background-size":"auto","background-attachment":"scroll","background-type":"","background-media":"","overlay-type":"","overlay-color":"","overlay-opacity":"","overlay-gradient":""},"tablet":{"background-color":"var(--ast-global-color-5)","background-image":"","background-repeat":"repeat","background-position":"center center","background-size":"auto","background-attachment":"scroll","background-type":"","background-media":"","overlay-type":"","overlay-color":"","overlay-opacity":"","overlay-gradient":""},"mobile":{"background-color":"var(--ast-global-color-5)","background-image":"","background-repeat":"repeat","background-position":"center center","background-size":"auto","background-attachment":"scroll","background-type":"","background-media":"","overlay-type":"","overlay-color":"","overlay-opacity":"","overlay-gradient":""}},"footnotes":""},"class_list":["post-1979","page","type-page","status-publish","hentry"],"_links":{"self":[{"href":"https:\/\/hotelampollasol.es\/ca\/wp-json\/wp\/v2\/pages\/1979","targetHints":{"allow":["GET"]}}],"collection":[{"href":"https:\/\/hotelampollasol.es\/ca\/wp-json\/wp\/v2\/pages"}],"about":[{"href":"https:\/\/hotelampollasol.es\/ca\/wp-json\/wp\/v2\/types\/page"}],"author":[{"embeddable":true,"href":"https:\/\/hotelampollasol.es\/ca\/wp-json\/wp\/v2\/users\/1"}],"replies":[{"embeddable":true,"href":"https:\/\/hotelampollasol.es\/ca\/wp-json\/wp\/v2\/comments?post=1979"}],"version-history":[{"count":5,"href":"https:\/\/hotelampollasol.es\/ca\/wp-json\/wp\/v2\/pages\/1979\/revisions"}],"predecessor-version":[{"id":2174,"href":"https:\/\/hotelampollasol.es\/ca\/wp-json\/wp\/v2\/pages\/1979\/revisions\/2174"}],"wp:attachment":[{"href":"https:\/\/hotelampollasol.es\/ca\/wp-json\/wp\/v2\/media?parent=1979"}],"curies":[{"name":"wp","href":"https:\/\/api.w.org\/{rel}","templated":true}]}}