{"id":2190,"date":"2025-06-18T13:49:51","date_gmt":"2025-06-18T12:49:51","guid":{"rendered":"http:\/\/hotelampollasol.es\/avis-legal\/"},"modified":"2025-06-18T14:26:44","modified_gmt":"2025-06-18T13:26:44","slug":"avis-legal","status":"publish","type":"page","link":"https:\/\/hotelampollasol.es\/ca\/avis-legal\/","title":{"rendered":"Av\u00eds Legal"},"content":{"rendered":"\n<p><strong>Titularitat del lloc web<\/strong><\/p>\n\n<p>En compliment amb el deure d&#8217;informaci\u00f3 recollit en l&#8217;article 10 de la Llei 34\/2002, d&#8217;11 de juliol, de Serveis de la Societat de la Informaci\u00f3 i del Comer\u00e7 Electr\u00f2nic (LSSICE), s&#8217;informa que el present lloc web \u00e9s propietat de:<\/p>\n\n<ul class=\"wp-block-list\">\n<li><strong>Nom comercial:<\/strong> Hotel Ampolla Sol<\/li>\n\n\n\n<li><strong>Ra\u00f3 social:<\/strong> HOTEL AMPOLLA-SOL S.L.<\/li>\n\n\n\n<li><strong>CIF\/NIF:<\/strong> B43448802<\/li>\n\n\n\n<li><strong>Domicili social:<\/strong> Avenida Mar\u00edtima Ramon Pous, 8, 43895, L&#8217;Ampolla, Tarragona, Espa\u00f1a<\/li>\n\n\n\n<li><strong>Correu electr\u00f2nic de contacte:<\/strong> <a>informacio@hotelampollasol.es<\/a><\/li>\n\n\n\n<li><strong>Tel\u00e8fon de contacte:<\/strong> +34 977 460 008<\/li>\n<\/ul>\n\n<p><strong>Objecte<\/strong><\/p>\n\n<p>El present lloc web t\u00e9 com a finalitat proporcionar informaci\u00f3 sobre els serveis d&#8217;allotjament i restauraci\u00f3 oferts per l&#8217;Hotel Ampolla Sol, permetre la reserva en l\u00ednia i facilitar el contacte amb clients i potencials clients.<\/p>\n\n<p><strong>Propietat intel\u00b7lectual i industrial<\/strong><\/p>\n\n<p>Tots els continguts del lloc web (textos, imatges, disseny gr\u00e0fic, codi font, logotips, marques, etc.) s\u00f3n propietat del titular o de tercers, estant protegits pels drets de propietat intel\u00b7lectual i industrial. Queda prohibida la seva reproducci\u00f3, distribuci\u00f3 o transformaci\u00f3 sense autoritzaci\u00f3 expressa. <\/p>\n\n<p><strong>Responsabilitat<\/strong><\/p>\n\n<p>El titular no es fa responsable del mal \u00fas del lloc web ni dels continguts aliens enlla\u00e7ats mitjan\u00e7ant enlla\u00e7os. Es reserva el dret a modificar o eliminar continguts sense previ av\u00eds. <\/p>\n\n<p><strong>Legislaci\u00f3 aplicable i jurisdicci\u00f3<\/strong><\/p>\n\n<p>La relaci\u00f3 entre el titular i els usuaris es regeix per la normativa espanyola vigent. En cas de conflicte, les parts se sotmetran als jutjats i tribunals del domicili del titular del lloc web. <\/p>\n","protected":false},"excerpt":{"rendered":"<p>Titularitat del lloc web En compliment amb el deure d&#8217;informaci\u00f3 recollit en l&#8217;article 10 de la Llei 34\/2002, d&#8217;11 de [&hellip;]<\/p>\n","protected":false},"author":1,"featured_media":0,"parent":0,"menu_order":0,"comment_status":"closed","ping_status":"closed","template":"","meta":{"site-sidebar-layout":"default","site-content-layout":"","ast-site-content-layout":"normal-width-container","site-content-style":"default","site-sidebar-style":"default","ast-global-header-display":"disabled","ast-banner-title-visibility":"","ast-main-header-display":"","ast-hfb-above-header-display":"","ast-hfb-below-header-display":"","ast-hfb-mobile-header-display":"","site-post-title":"","ast-breadcrumbs-content":"","ast-featured-img":"","footer-sml-layout":"","ast-disable-related-posts":"","theme-transparent-header-meta":"","adv-header-id-meta":"","stick-header-meta":"","header-above-stick-meta":"","header-main-stick-meta":"","header-below-stick-meta":"","astra-migrate-meta-layouts":"default","ast-page-background-enabled":"default","ast-page-background-meta":{"desktop":{"background-color":"","background-image":"","background-repeat":"repeat","background-position":"center center","background-size":"auto","background-attachment":"scroll","background-type":"","background-media":"","overlay-type":"","overlay-color":"","overlay-opacity":"","overlay-gradient":""},"tablet":{"background-color":"","background-image":"","background-repeat":"repeat","background-position":"center center","background-size":"auto","background-attachment":"scroll","background-type":"","background-media":"","overlay-type":"","overlay-color":"","overlay-opacity":"","overlay-gradient":""},"mobile":{"background-color":"","background-image":"","background-repeat":"repeat","background-position":"center center","background-size":"auto","background-attachment":"scroll","background-type":"","background-media":"","overlay-type":"","overlay-color":"","overlay-opacity":"","overlay-gradient":""}},"ast-content-background-meta":{"desktop":{"background-color":"var(--ast-global-color-5)","background-image":"","background-repeat":"repeat","background-position":"center center","background-size":"auto","background-attachment":"scroll","background-type":"","background-media":"","overlay-type":"","overlay-color":"","overlay-opacity":"","overlay-gradient":""},"tablet":{"background-color":"var(--ast-global-color-5)","background-image":"","background-repeat":"repeat","background-position":"center center","background-size":"auto","background-attachment":"scroll","background-type":"","background-media":"","overlay-type":"","overlay-color":"","overlay-opacity":"","overlay-gradient":""},"mobile":{"background-color":"var(--ast-global-color-5)","background-image":"","background-repeat":"repeat","background-position":"center center","background-size":"auto","background-attachment":"scroll","background-type":"","background-media":"","overlay-type":"","overlay-color":"","overlay-opacity":"","overlay-gradient":""}},"footnotes":""},"class_list":["post-2190","page","type-page","status-publish","hentry"],"_links":{"self":[{"href":"https:\/\/hotelampollasol.es\/ca\/wp-json\/wp\/v2\/pages\/2190","targetHints":{"allow":["GET"]}}],"collection":[{"href":"https:\/\/hotelampollasol.es\/ca\/wp-json\/wp\/v2\/pages"}],"about":[{"href":"https:\/\/hotelampollasol.es\/ca\/wp-json\/wp\/v2\/types\/page"}],"author":[{"embeddable":true,"href":"https:\/\/hotelampollasol.es\/ca\/wp-json\/wp\/v2\/users\/1"}],"replies":[{"embeddable":true,"href":"https:\/\/hotelampollasol.es\/ca\/wp-json\/wp\/v2\/comments?post=2190"}],"version-history":[{"count":1,"href":"https:\/\/hotelampollasol.es\/ca\/wp-json\/wp\/v2\/pages\/2190\/revisions"}],"predecessor-version":[{"id":2191,"href":"https:\/\/hotelampollasol.es\/ca\/wp-json\/wp\/v2\/pages\/2190\/revisions\/2191"}],"wp:attachment":[{"href":"https:\/\/hotelampollasol.es\/ca\/wp-json\/wp\/v2\/media?parent=2190"}],"curies":[{"name":"wp","href":"https:\/\/api.w.org\/{rel}","templated":true}]}}