{"id":2198,"date":"2025-06-18T13:54:12","date_gmt":"2025-06-18T12:54:12","guid":{"rendered":"http:\/\/hotelampollasol.es\/termes-i-condicions-dus\/"},"modified":"2025-06-18T15:21:14","modified_gmt":"2025-06-18T14:21:14","slug":"termes-i-condicions-dus","status":"publish","type":"page","link":"https:\/\/hotelampollasol.es\/ca\/termes-i-condicions-dus\/","title":{"rendered":"Termes i Condicions d&#8217;\u00das"},"content":{"rendered":"\n<p><strong>1. Objecte<\/strong><\/p>\n\n<p>Aquestes condicions regulen l&#8217;\u00fas del lloc web de l&#8217;Hotel Butllofa Sol, aix\u00ed com les condicions de reserva dels nostres serveis.<\/p>\n\n<p><strong>2. Acceptaci\u00f3 de l&#8217;usuari<\/strong><\/p>\n\n<p>La navegaci\u00f3 per aquesta web i\/o la reserva de serveis implica l&#8217;acceptaci\u00f3 d&#8217;aquestes condicions.<\/p>\n\n<p><strong>3. Serveis oferts<\/strong><\/p>\n\n<ul class=\"wp-block-list\">\n<li>Allotjament hoteler (habitacions)<\/li>\n\n\n\n<li>Serveis de restaurant<\/li>\n\n\n\n<li>Esdeveniments i celebracions<\/li>\n<\/ul>\n\n<p>Tots els serveis estan subjectes a disponibilitat i condicions particulars indicades en cada cas.<\/p>\n\n<p><strong>4. Reserves<\/strong><\/p>\n\n<p>L&#8217;usuari pot realitzar reserves a trav\u00e9s de la nostra web. En fer-ho, declara que \u00e9s major d&#8217;edat i que les dades proporcionades s\u00f3n veraces. La confirmaci\u00f3 de la reserva s&#8217;enviar\u00e0 per correu electr\u00f2nic.<\/p>\n\n<p><strong>5. Preus i pagaments<\/strong><\/p>\n\n<p>Els preus inclouen impostos i es mostren en euros (\u20ac). El pagament es realitza mitjan\u00e7ant targeta de cr\u00e8dit\/d\u00e8bit o a l&#8217;hotel, segons condicions seleccionades. Ens reservem el dret de modificar preus i ofertes sense previ av\u00eds.<\/p>\n\n<p><strong>6. Cancel\u00b7lacions i modificacions<\/strong><\/p>\n\n<p>Les condicions de cancel\u00b7laci\u00f3 depenen del tipus de tarifa contractada (reemborsable o no reemborsable) i s&#8217;indiquen clarament durant el proc\u00e9s de reserva.<\/p>\n\n<p><strong>7. Responsabilitat<\/strong><\/p>\n\n<p>El titular no es fa responsable d&#8217;errors de connexi\u00f3, caigudes del sistema o altres factors t\u00e8cnics aliens a la seva voluntat.<\/p>\n\n<p><strong>8. Legislaci\u00f3 aplicable<\/strong><\/p>\n\n<p>Aquestes condicions es regeixen per la legislaci\u00f3 espanyola. Per a qualsevol controv\u00e8rsia, les parts se sotmetran als tribunals competents.<\/p>\n","protected":false},"excerpt":{"rendered":"<p>1. Objecte Aquestes condicions regulen l&#8217;\u00fas del lloc web de l&#8217;Hotel Butllofa Sol, aix\u00ed com les condicions de reserva dels [&hellip;]<\/p>\n","protected":false},"author":1,"featured_media":0,"parent":0,"menu_order":0,"comment_status":"closed","ping_status":"closed","template":"","meta":{"site-sidebar-layout":"default","site-content-layout":"","ast-site-content-layout":"normal-width-container","site-content-style":"default","site-sidebar-style":"default","ast-global-header-display":"disabled","ast-banner-title-visibility":"","ast-main-header-display":"","ast-hfb-above-header-display":"","ast-hfb-below-header-display":"","ast-hfb-mobile-header-display":"","site-post-title":"","ast-breadcrumbs-content":"","ast-featured-img":"","footer-sml-layout":"","ast-disable-related-posts":"","theme-transparent-header-meta":"","adv-header-id-meta":"","stick-header-meta":"","header-above-stick-meta":"","header-main-stick-meta":"","header-below-stick-meta":"","astra-migrate-meta-layouts":"default","ast-page-background-enabled":"default","ast-page-background-meta":{"desktop":{"background-color":"","background-image":"","background-repeat":"repeat","background-position":"center center","background-size":"auto","background-attachment":"scroll","background-type":"","background-media":"","overlay-type":"","overlay-color":"","overlay-opacity":"","overlay-gradient":""},"tablet":{"background-color":"","background-image":"","background-repeat":"repeat","background-position":"center center","background-size":"auto","background-attachment":"scroll","background-type":"","background-media":"","overlay-type":"","overlay-color":"","overlay-opacity":"","overlay-gradient":""},"mobile":{"background-color":"","background-image":"","background-repeat":"repeat","background-position":"center center","background-size":"auto","background-attachment":"scroll","background-type":"","background-media":"","overlay-type":"","overlay-color":"","overlay-opacity":"","overlay-gradient":""}},"ast-content-background-meta":{"desktop":{"background-color":"var(--ast-global-color-5)","background-image":"","background-repeat":"repeat","background-position":"center center","background-size":"auto","background-attachment":"scroll","background-type":"","background-media":"","overlay-type":"","overlay-color":"","overlay-opacity":"","overlay-gradient":""},"tablet":{"background-color":"var(--ast-global-color-5)","background-image":"","background-repeat":"repeat","background-position":"center center","background-size":"auto","background-attachment":"scroll","background-type":"","background-media":"","overlay-type":"","overlay-color":"","overlay-opacity":"","overlay-gradient":""},"mobile":{"background-color":"var(--ast-global-color-5)","background-image":"","background-repeat":"repeat","background-position":"center center","background-size":"auto","background-attachment":"scroll","background-type":"","background-media":"","overlay-type":"","overlay-color":"","overlay-opacity":"","overlay-gradient":""}},"footnotes":""},"class_list":["post-2198","page","type-page","status-publish","hentry"],"_links":{"self":[{"href":"https:\/\/hotelampollasol.es\/ca\/wp-json\/wp\/v2\/pages\/2198","targetHints":{"allow":["GET"]}}],"collection":[{"href":"https:\/\/hotelampollasol.es\/ca\/wp-json\/wp\/v2\/pages"}],"about":[{"href":"https:\/\/hotelampollasol.es\/ca\/wp-json\/wp\/v2\/types\/page"}],"author":[{"embeddable":true,"href":"https:\/\/hotelampollasol.es\/ca\/wp-json\/wp\/v2\/users\/1"}],"replies":[{"embeddable":true,"href":"https:\/\/hotelampollasol.es\/ca\/wp-json\/wp\/v2\/comments?post=2198"}],"version-history":[{"count":1,"href":"https:\/\/hotelampollasol.es\/ca\/wp-json\/wp\/v2\/pages\/2198\/revisions"}],"predecessor-version":[{"id":2199,"href":"https:\/\/hotelampollasol.es\/ca\/wp-json\/wp\/v2\/pages\/2198\/revisions\/2199"}],"wp:attachment":[{"href":"https:\/\/hotelampollasol.es\/ca\/wp-json\/wp\/v2\/media?parent=2198"}],"curies":[{"name":"wp","href":"https:\/\/api.w.org\/{rel}","templated":true}]}}